{"id":7112,"date":"2025-03-19T22:23:50","date_gmt":"2025-03-19T21:23:50","guid":{"rendered":"https:\/\/waldrestaurant-zaehringerburg.de\/la-historia-del-castillo-de-zaehringen\/"},"modified":"2025-03-24T22:02:39","modified_gmt":"2025-03-24T21:02:39","slug":"la-historia-del-castillo-de-zaehringen","status":"publish","type":"page","link":"https:\/\/waldrestaurant-zaehringerburg.de\/es\/la-historia-del-castillo-de-zaehringen\/","title":{"rendered":"La historia del castillo de Z\u00e4hringen"},"content":{"rendered":"<div class=\"fusion-fullwidth fullwidth-box fusion-builder-row-1 fusion-flex-container has-pattern-background has-mask-background hundred-percent-fullwidth non-hundred-percent-height-scrolling\" style=\"--awb-border-radius-top-left:0px;--awb-border-radius-top-right:0px;--awb-border-radius-bottom-right:0px;--awb-border-radius-bottom-left:0px;--awb-padding-top:1%;--awb-padding-right:0px;--awb-padding-bottom:0px;--awb-padding-left:0px;--awb-margin-top:0px;--awb-background-color:var(--awb-color1);--awb-flex-wrap:wrap;\" ><div class=\"fusion-builder-row fusion-row fusion-flex-align-items-stretch fusion-flex-content-wrap\" style=\"width:calc( 100% + 0px ) !important;max-width:calc( 100% + 0px ) !important;margin-left: calc(-0px \/ 2 );margin-right: calc(-0px \/ 2 );\"><div class=\"fusion-layout-column fusion_builder_column fusion-builder-column-0 fusion_builder_column_1_1 1_1 fusion-flex-column fusion-animated\" style=\"--awb-padding-top:0px;--awb-padding-right:2%;--awb-padding-bottom:2%;--awb-padding-left:2%;--awb-bg-color:rgba(251,254,225,0);--awb-bg-color-hover:rgba(251,254,225,0);--awb-bg-size:cover;--awb-width-large:100%;--awb-margin-top-large:0px;--awb-spacing-right-large:calc( 0 * calc( 100% - 0px ) );--awb-margin-bottom-large:0px;--awb-spacing-left-large:0px;--awb-width-medium:100%;--awb-order-medium:0;--awb-spacing-right-medium:0px;--awb-spacing-left-medium:0px;--awb-width-small:100%;--awb-order-small:0;--awb-spacing-right-small:0px;--awb-spacing-left-small:0px;\" data-animationType=\"fadeInRight\" data-animationDuration=\"1.0\" data-animationOffset=\"top-into-view\" data-scroll-devices=\"small-visibility,medium-visibility,large-visibility\"><div class=\"fusion-column-wrapper fusion-column-has-shadow fusion-flex-justify-content-flex-start fusion-content-layout-column\"><div class=\"fusion-title title fusion-title-1 fusion-sep-none fusion-title-center fusion-title-text fusion-title-size-three\"><h3 class=\"fusion-title-heading title-heading-center fusion-responsive-typography-calculated\" style=\"margin:0;--fontSize:30;line-height:var(--awb-typography1-line-height);\"><h3>La historia del castillo de Z\u00e4hringen<\/h3><\/h3><\/div><div class=\"fusion-text fusion-text-1\" style=\"--awb-content-alignment:center;\"><p>La llave para la torre del castillo, situada a unos 5 minutos a pie, est\u00e1 disponible en nuestro establecimiento.<\/p>\n<\/div><div class=\"fusion-video fusion-selfhosted-video\" style=\"align-self:center;max-width:60%;\"><div class=\"video-wrapper\"><video playsinline=\"true\" width=\"100%\" style=\"object-fit: cover;\" muted=\"true\" preload=\"auto\" controls=\"1\"><source src=\"https:\/\/www.waldrestaurant-zaehringerburg.de\/wp-content\/uploads\/2024\/09\/Die-Burg-Final.mp4\" type=\"video\/mp4\">Sorry, your browser doesn&#039;t support embedded videos.<\/video><\/div><\/div><div class=\"fusion-text fusion-text-2 fusion-text-no-margin\" style=\"--awb-margin-top:20px;--awb-margin-right:20px;--awb-margin-bottom:20px;--awb-margin-left:20px;--awb-text-font-family:-apple-system, BlinkMacSystemFont, &#039;Segoe UI&#039;, Roboto, Oxygen-Sans, Ubuntu, Cantarell, &#039;Helvetica Neue&#039; ,sans-serif;--awb-text-font-style:normal;--awb-text-font-weight:400;\"><p style=\"text-align: center;\">El castillo de Z\u00e4hringen fue erigido en 1078 por Bertoldo II, \u00abDuque de Z\u00e4hringen\u00bb. Anteriormente, la colina del castillo ya hab\u00eda sido nivelada por los duques alamanes como \u00abfortaleza\u00bb y ampliada como fortificaci\u00f3n a partir del a\u00f1o 270. Los duques de Z\u00e4hringen fundaron monasterios, ciudades (Friburgo, Offenburg, Rottweil, Berna&#8230;) &amp; castillos y desarrollaron la regi\u00f3n mediante caminos &amp; v\u00edas. Durante la Guerra de los Campesinos (1525), todas las partes del edificio fueron incendiadas, y la destrucci\u00f3n total ocurri\u00f3 durante la \u00abGuerra de los Treinta A\u00f1os\u00bb (1618-1648). Hasta el d\u00eda de hoy, el castillo de Z\u00e4hringen ha permanecido como el magn\u00edfico mirador que ya atra\u00eda a la gente hace m\u00e1s de 2000 a\u00f1os. El restaurante forestal Z\u00e4hringer Burg fue construido en 1655, en el terreno de la antigua \u00abarmer\u00eda\u00bb de los duques de Z\u00e4hringen. Las primeras generaciones de esta casa viv\u00edan de la agricultura &amp; la ganader\u00eda. A finales del siglo XVIII, se estableci\u00f3 una taberna para caminantes. En 1934 se realiz\u00f3 una ampliaci\u00f3n, y muchas mesas &amp; sillas a\u00fan son de aquella \u00e9poca.<\/p>\n<\/div><\/div><\/div><\/div><\/div>\n","protected":false},"excerpt":{"rendered":"","protected":false},"author":1,"featured_media":0,"parent":0,"menu_order":14,"comment_status":"closed","ping_status":"closed","template":"100-width.php","meta":{"_acf_changed":false,"footnotes":""},"class_list":["post-7112","page","type-page","status-publish","hentry"],"acf":[],"_links":{"self":[{"href":"https:\/\/waldrestaurant-zaehringerburg.de\/es\/wp-json\/wp\/v2\/pages\/7112","targetHints":{"allow":["GET"]}}],"collection":[{"href":"https:\/\/waldrestaurant-zaehringerburg.de\/es\/wp-json\/wp\/v2\/pages"}],"about":[{"href":"https:\/\/waldrestaurant-zaehringerburg.de\/es\/wp-json\/wp\/v2\/types\/page"}],"author":[{"embeddable":true,"href":"https:\/\/waldrestaurant-zaehringerburg.de\/es\/wp-json\/wp\/v2\/users\/1"}],"replies":[{"embeddable":true,"href":"https:\/\/waldrestaurant-zaehringerburg.de\/es\/wp-json\/wp\/v2\/comments?post=7112"}],"version-history":[{"count":6,"href":"https:\/\/waldrestaurant-zaehringerburg.de\/es\/wp-json\/wp\/v2\/pages\/7112\/revisions"}],"predecessor-version":[{"id":7132,"href":"https:\/\/waldrestaurant-zaehringerburg.de\/es\/wp-json\/wp\/v2\/pages\/7112\/revisions\/7132"}],"wp:attachment":[{"href":"https:\/\/waldrestaurant-zaehringerburg.de\/es\/wp-json\/wp\/v2\/media?parent=7112"}],"curies":[{"name":"wp","href":"https:\/\/api.w.org\/{rel}","templated":true}]}}