{"id":7121,"date":"2025-03-19T22:26:31","date_gmt":"2025-03-19T21:26:31","guid":{"rendered":"https:\/\/waldrestaurant-zaehringerburg.de\/cena-a-la-luz-de-las-velas\/"},"modified":"2025-03-24T22:02:39","modified_gmt":"2025-03-24T21:02:39","slug":"cena-a-la-luz-de-las-velas","status":"publish","type":"page","link":"https:\/\/waldrestaurant-zaehringerburg.de\/es\/cena-a-la-luz-de-las-velas\/","title":{"rendered":"Cena a la Luz de las Velas"},"content":{"rendered":"<div id=\"cena-a-la-luz-de-las-velas-friburgo\" class=\"fusion-container-anchor\"><div class=\"fusion-fullwidth fullwidth-box fusion-builder-row-1 fusion-flex-container has-pattern-background has-mask-background nonhundred-percent-fullwidth non-hundred-percent-height-scrolling\" style=\"--awb-border-radius-top-left:0px;--awb-border-radius-top-right:0px;--awb-border-radius-bottom-right:0px;--awb-border-radius-bottom-left:0px;--awb-padding-top:0%;--awb-padding-right:0%;--awb-padding-bottom:0%;--awb-padding-left:0%;--awb-background-color:var(--awb-color8);--awb-flex-wrap:wrap;\" ><div class=\"fusion-builder-row fusion-row fusion-flex-align-items-stretch fusion-flex-content-wrap\" style=\"max-width:calc( 1375px + 0px );margin-left: calc(-0px \/ 2 );margin-right: calc(-0px \/ 2 );\"><div class=\"fusion-layout-column fusion_builder_column fusion-builder-column-0 fusion_builder_column_1_2 1_2 fusion-flex-column fusion-animated\" style=\"--awb-padding-top-medium:20vh;--awb-padding-bottom-medium:20vh;--awb-bg-position:center center;--awb-bg-size:cover;--awb-width-large:50%;--awb-margin-top-large:0px;--awb-spacing-right-large:0px;--awb-margin-bottom-large:0px;--awb-spacing-left-large:0px;--awb-width-medium:100%;--awb-order-medium:0;--awb-spacing-right-medium:0px;--awb-spacing-left-medium:0px;--awb-width-small:100%;--awb-order-small:0;--awb-spacing-right-small:0px;--awb-spacing-left-small:0px;\" data-animationType=\"fadeIn\" data-animationDuration=\"1.0\" data-animationOffset=\"top-into-view\"><div class=\"fusion-column-wrapper fusion-column-has-shadow fusion-flex-justify-content-flex-start fusion-content-layout-column\"><div class=\"fusion-slider-sc fusion-has-margin\" style=\"margin-top:4%;margin-bottom:4%;\"><div class=\"fusion-flexslider-loading flexslider flexslider-hover-type-zoomin\" data-slideshow_autoplay=\"1\" data-slideshow_smooth_height=\"0\" data-slideshow_speed=\"7000\" style=\"max-width:100%;height:100%;\"><ul class=\"slides\"><li class=\"image\"><span class=\"lazyload fusion-image-hover-element hover-type-zoomin\"><img decoding=\"async\" src=\"https:\/\/www.waldrestaurant-zaehringerburg.de\/wp-content\/uploads\/2023\/04\/Candle_Light_Freiburg_00.jpg\" data-orig-src=\"https:\/\/www.waldrestaurant-zaehringerburg.de\/wp-content\/uploads\/2023\/04\/Candle_Light_Freiburg_00.jpg\" width=\"1500\" height=\"1000\" class=\"lazyload wp-image-4336\" srcset=\"data:image\/svg+xml,%3Csvg%20xmlns%3D%27http%3A%2F%2Fwww.w3.org%2F2000%2Fsvg%27%20width%3D%271500%27%20height%3D%271000%27%20viewBox%3D%270%200%201500%201000%27%3E%3Crect%20width%3D%271500%27%20height%3D%271000%27%20fill-opacity%3D%220%22%2F%3E%3C%2Fsvg%3E\" data-srcset=\"https:\/\/waldrestaurant-zaehringerburg.de\/wp-content\/uploads\/2023\/04\/Candle_Light_Freiburg_00-200x133.jpg 200w, https:\/\/waldrestaurant-zaehringerburg.de\/wp-content\/uploads\/2023\/04\/Candle_Light_Freiburg_00-400x267.jpg 400w, https:\/\/waldrestaurant-zaehringerburg.de\/wp-content\/uploads\/2023\/04\/Candle_Light_Freiburg_00-600x400.jpg 600w, https:\/\/waldrestaurant-zaehringerburg.de\/wp-content\/uploads\/2023\/04\/Candle_Light_Freiburg_00-800x533.jpg 800w, https:\/\/waldrestaurant-zaehringerburg.de\/wp-content\/uploads\/2023\/04\/Candle_Light_Freiburg_00-1200x800.jpg 1200w, https:\/\/waldrestaurant-zaehringerburg.de\/wp-content\/uploads\/2023\/04\/Candle_Light_Freiburg_00.jpg 1500w\" data-sizes=\"auto\" data-orig-sizes=\"(max-width: 1024px) 100vw, (max-width: 640px) 100vw, 800px\" \/><\/span><\/li><li class=\"image\"><span class=\"lazyload fusion-image-hover-element hover-type-zoomin\"><img decoding=\"async\" src=\"https:\/\/www.waldrestaurant-zaehringerburg.de\/wp-content\/uploads\/2023\/04\/Candle_Light_Freiburg_02.jpg\" data-orig-src=\"https:\/\/www.waldrestaurant-zaehringerburg.de\/wp-content\/uploads\/2023\/04\/Candle_Light_Freiburg_02.jpg\" width=\"1500\" height=\"1000\" class=\"lazyload wp-image-4338\" srcset=\"data:image\/svg+xml,%3Csvg%20xmlns%3D%27http%3A%2F%2Fwww.w3.org%2F2000%2Fsvg%27%20width%3D%271500%27%20height%3D%271000%27%20viewBox%3D%270%200%201500%201000%27%3E%3Crect%20width%3D%271500%27%20height%3D%271000%27%20fill-opacity%3D%220%22%2F%3E%3C%2Fsvg%3E\" data-srcset=\"https:\/\/waldrestaurant-zaehringerburg.de\/wp-content\/uploads\/2023\/04\/Candle_Light_Freiburg_02-200x133.jpg 200w, https:\/\/waldrestaurant-zaehringerburg.de\/wp-content\/uploads\/2023\/04\/Candle_Light_Freiburg_02-400x267.jpg 400w, https:\/\/waldrestaurant-zaehringerburg.de\/wp-content\/uploads\/2023\/04\/Candle_Light_Freiburg_02-600x400.jpg 600w, https:\/\/waldrestaurant-zaehringerburg.de\/wp-content\/uploads\/2023\/04\/Candle_Light_Freiburg_02-800x533.jpg 800w, https:\/\/waldrestaurant-zaehringerburg.de\/wp-content\/uploads\/2023\/04\/Candle_Light_Freiburg_02-1200x800.jpg 1200w, https:\/\/waldrestaurant-zaehringerburg.de\/wp-content\/uploads\/2023\/04\/Candle_Light_Freiburg_02.jpg 1500w\" data-sizes=\"auto\" data-orig-sizes=\"(max-width: 1024px) 100vw, (max-width: 640px) 100vw, 800px\" \/><\/span><\/li><li class=\"image\"><span class=\"lazyload fusion-image-hover-element hover-type-zoomin\"><img decoding=\"async\" src=\"https:\/\/www.waldrestaurant-zaehringerburg.de\/wp-content\/uploads\/2023\/04\/Candle_Light_Freiburg_01.jpg\" data-orig-src=\"https:\/\/www.waldrestaurant-zaehringerburg.de\/wp-content\/uploads\/2023\/04\/Candle_Light_Freiburg_01.jpg\" width=\"1500\" height=\"1000\" class=\"lazyload wp-image-4337\" srcset=\"data:image\/svg+xml,%3Csvg%20xmlns%3D%27http%3A%2F%2Fwww.w3.org%2F2000%2Fsvg%27%20width%3D%271500%27%20height%3D%271000%27%20viewBox%3D%270%200%201500%201000%27%3E%3Crect%20width%3D%271500%27%20height%3D%271000%27%20fill-opacity%3D%220%22%2F%3E%3C%2Fsvg%3E\" data-srcset=\"https:\/\/waldrestaurant-zaehringerburg.de\/wp-content\/uploads\/2023\/04\/Candle_Light_Freiburg_01-200x133.jpg 200w, https:\/\/waldrestaurant-zaehringerburg.de\/wp-content\/uploads\/2023\/04\/Candle_Light_Freiburg_01-400x267.jpg 400w, https:\/\/waldrestaurant-zaehringerburg.de\/wp-content\/uploads\/2023\/04\/Candle_Light_Freiburg_01-600x400.jpg 600w, https:\/\/waldrestaurant-zaehringerburg.de\/wp-content\/uploads\/2023\/04\/Candle_Light_Freiburg_01-800x533.jpg 800w, https:\/\/waldrestaurant-zaehringerburg.de\/wp-content\/uploads\/2023\/04\/Candle_Light_Freiburg_01-1200x800.jpg 1200w, https:\/\/waldrestaurant-zaehringerburg.de\/wp-content\/uploads\/2023\/04\/Candle_Light_Freiburg_01.jpg 1500w\" data-sizes=\"auto\" data-orig-sizes=\"(max-width: 1024px) 100vw, (max-width: 640px) 100vw, 800px\" \/><\/span><\/li><li class=\"image\"><span class=\"lazyload fusion-image-hover-element hover-type-zoomin\"><img decoding=\"async\" src=\"https:\/\/www.waldrestaurant-zaehringerburg.de\/wp-content\/uploads\/2023\/04\/Candle_Light_Freiburg_03.jpg\" data-orig-src=\"https:\/\/www.waldrestaurant-zaehringerburg.de\/wp-content\/uploads\/2023\/04\/Candle_Light_Freiburg_03.jpg\" width=\"1500\" height=\"1000\" class=\"lazyload wp-image-4339\" srcset=\"data:image\/svg+xml,%3Csvg%20xmlns%3D%27http%3A%2F%2Fwww.w3.org%2F2000%2Fsvg%27%20width%3D%271500%27%20height%3D%271000%27%20viewBox%3D%270%200%201500%201000%27%3E%3Crect%20width%3D%271500%27%20height%3D%271000%27%20fill-opacity%3D%220%22%2F%3E%3C%2Fsvg%3E\" data-srcset=\"https:\/\/waldrestaurant-zaehringerburg.de\/wp-content\/uploads\/2023\/04\/Candle_Light_Freiburg_03-200x133.jpg 200w, https:\/\/waldrestaurant-zaehringerburg.de\/wp-content\/uploads\/2023\/04\/Candle_Light_Freiburg_03-400x267.jpg 400w, https:\/\/waldrestaurant-zaehringerburg.de\/wp-content\/uploads\/2023\/04\/Candle_Light_Freiburg_03-600x400.jpg 600w, https:\/\/waldrestaurant-zaehringerburg.de\/wp-content\/uploads\/2023\/04\/Candle_Light_Freiburg_03-800x533.jpg 800w, https:\/\/waldrestaurant-zaehringerburg.de\/wp-content\/uploads\/2023\/04\/Candle_Light_Freiburg_03-1200x800.jpg 1200w, https:\/\/waldrestaurant-zaehringerburg.de\/wp-content\/uploads\/2023\/04\/Candle_Light_Freiburg_03.jpg 1500w\" data-sizes=\"auto\" data-orig-sizes=\"(max-width: 1024px) 100vw, (max-width: 640px) 100vw, 800px\" \/><\/span><\/li><\/ul><\/div><\/div><\/div><\/div><div class=\"fusion-layout-column fusion_builder_column fusion-builder-column-1 fusion_builder_column_1_2 1_2 fusion-flex-column fusion-column-inner-bg-wrapper fusion-column-hover-type-liftup fusion-column-liftup-border fusion-animated\" style=\"--awb-padding-top:15%;--awb-padding-right:15%;--awb-padding-bottom:14%;--awb-padding-left:15%;--awb-inner-bg-color:var(--awb-color8);--awb-inner-bg-color-hover:var(--awb-color8);--awb-inner-bg-position:center top;--awb-inner-bg-size:cover;--awb-width-large:50%;--awb-margin-top-large:0px;--awb-spacing-right-large:0px;--awb-margin-bottom-large:0px;--awb-spacing-left-large:0px;--awb-width-medium:100%;--awb-spacing-right-medium:0px;--awb-spacing-left-medium:0px;--awb-width-small:100%;--awb-spacing-right-small:0px;--awb-spacing-left-small:0px;\" data-animationType=\"fadeIn\" data-animationDuration=\"0.6\" data-animationOffset=\"top-into-view\"><span class=\"fusion-column-inner-bg hover-type-liftup\"><a class=\"fusion-column-anchor\" href=\"https:\/\/waldrestaurant.firstvoucher.com\/candle-light-dinner-m50630\"><span class=\"fusion-column-inner-bg-image\"><\/span><\/a><\/span><div class=\"fusion-column-wrapper fusion-flex-justify-content-flex-start fusion-content-layout-column\"><div class=\"fusion-title title fusion-title-1 fusion-sep-none fusion-title-text fusion-title-size-six\" style=\"--awb-text-color:var(--awb-color2);--awb-margin-bottom:4%;\"><h6 class=\"fusion-title-heading title-heading-left fusion-responsive-typography-calculated\" style=\"margin:0;--fontSize:25;--minFontSize:25;line-height:var(--awb-typography2-line-height);\">ROMANTICISMO PARA REGALAR<\/h6><\/div><div class=\"fusion-title title fusion-title-2 fusion-sep-none fusion-title-text fusion-title-size-three\" style=\"--awb-text-color:var(--awb-color1);--awb-margin-bottom:1%;--awb-font-size:50px;\"><h3 class=\"fusion-title-heading title-heading-left fusion-responsive-typography-calculated\" style=\"margin:0;font-size:1em;--fontSize:50;line-height:var(--awb-typography1-line-height);\">Cena a la Luz de las Velas<\/h3><\/div><div class=\"fusion-text fusion-text-1\"><p style=\"color: var(--awb-color1); text-align: left;\">Le espera una mesa decorada especialmente para usted a la luz de las velas, un men\u00fa de tres platos elaborado con productos frescos de temporada y un aperitivo. Naturalmente, podr\u00e1 elegir entre un plato vegetariano y uno de carne. Le rogamos que realice su reserva con un m\u00ednimo de 2 d\u00edas de antelaci\u00f3n.   <\/p>\n<\/div><div class=\"fusion-separator\" style=\"align-self: center;margin-left: auto;margin-right: auto;margin-bottom:6%;width:100%;max-width:70px;\"><\/div><div style=\"text-align:left;\"><a class=\"fusion-button button-flat fusion-button-default-size button-custom fusion-button-default button-1 fusion-button-default-span fusion-button-default-type fusion-animated\" style=\"--button_accent_color:var(--awb-color1);--button_border_color:var(--awb-color1);--button_accent_hover_color:var(--awb-color8);--button_border_hover_color:var(--awb-color8);--button_gradient_top_color:hsla(var(--awb-color1-h),var(--awb-color1-s),var(--awb-color1-l),calc(var(--awb-color1-a) - 100%));--button_gradient_bottom_color:hsla(var(--awb-color1-h),var(--awb-color1-s),var(--awb-color1-l),calc(var(--awb-color1-a) - 100%));--button_gradient_top_color_hover:var(--awb-color1);--button_gradient_bottom_color_hover:var(--awb-color1);\" data-animationType=\"slideInLeft\" data-animationDuration=\"0.3\" data-animationOffset=\"top-into-view\" target=\"_self\" href=\"https:\/\/waldrestaurant.firstvoucher.com\/candle-light-dinner-m50630\"><i class=\"restaurant-shopping-basket awb-button__icon awb-button__icon--default button-icon-left\" aria-hidden=\"true\"><\/i><span class=\"fusion-button-text awb-button__text awb-button__text--default\">Ir a la Tienda de Vales Regalo<\/span><\/a><\/div><\/div><\/div><\/div><\/div><\/div>\n","protected":false},"excerpt":{"rendered":"","protected":false},"author":1,"featured_media":0,"parent":0,"menu_order":0,"comment_status":"closed","ping_status":"closed","template":"100-width.php","meta":{"_acf_changed":false,"footnotes":""},"class_list":["post-7121","page","type-page","status-publish","hentry"],"acf":[],"_links":{"self":[{"href":"https:\/\/waldrestaurant-zaehringerburg.de\/es\/wp-json\/wp\/v2\/pages\/7121","targetHints":{"allow":["GET"]}}],"collection":[{"href":"https:\/\/waldrestaurant-zaehringerburg.de\/es\/wp-json\/wp\/v2\/pages"}],"about":[{"href":"https:\/\/waldrestaurant-zaehringerburg.de\/es\/wp-json\/wp\/v2\/types\/page"}],"author":[{"embeddable":true,"href":"https:\/\/waldrestaurant-zaehringerburg.de\/es\/wp-json\/wp\/v2\/users\/1"}],"replies":[{"embeddable":true,"href":"https:\/\/waldrestaurant-zaehringerburg.de\/es\/wp-json\/wp\/v2\/comments?post=7121"}],"version-history":[{"count":1,"href":"https:\/\/waldrestaurant-zaehringerburg.de\/es\/wp-json\/wp\/v2\/pages\/7121\/revisions"}],"predecessor-version":[{"id":7124,"href":"https:\/\/waldrestaurant-zaehringerburg.de\/es\/wp-json\/wp\/v2\/pages\/7121\/revisions\/7124"}],"wp:attachment":[{"href":"https:\/\/waldrestaurant-zaehringerburg.de\/es\/wp-json\/wp\/v2\/media?parent=7121"}],"curies":[{"name":"wp","href":"https:\/\/api.w.org\/{rel}","templated":true}]}}