{"id":7295,"date":"2013-06-13T07:50:43","date_gmt":"2013-06-13T05:50:43","guid":{"rendered":"https:\/\/waldrestaurant-zaehringerburg.de\/contacto-y-como-llegar\/"},"modified":"2025-03-24T22:03:43","modified_gmt":"2025-03-24T21:03:43","slug":"contacto-y-como-llegar","status":"publish","type":"page","link":"https:\/\/waldrestaurant-zaehringerburg.de\/es\/contacto-y-como-llegar\/","title":{"rendered":"Contacto y c\u00f3mo llegar"},"content":{"rendered":"<div class=\"fusion-fullwidth fullwidth-box fusion-builder-row-1 fusion-flex-container has-pattern-background has-mask-background fusion-parallax-none nonhundred-percent-fullwidth non-hundred-percent-height-scrolling lazyload\" style=\"--awb-border-radius-top-left:0px;--awb-border-radius-top-right:0px;--awb-border-radius-bottom-right:0px;--awb-border-radius-bottom-left:0px;--awb-background-image:linear-gradient(180deg, rgba(251,254,225,0.59) 0%,rgba(43,107,80,0.9) 33%);;--awb-background-size:cover;--awb-flex-wrap:wrap;\" data-bg=\"https:\/\/www.waldrestaurant-zaehringerburg.de\/wp-content\/uploads\/2022\/11\/Panorama_03_rgb_low.jpg\" data-bg-gradient=\"linear-gradient(180deg, rgba(251,254,225,0.59) 0%,rgba(43,107,80,0.9) 33%)\" ><div class=\"fusion-builder-row fusion-row fusion-flex-align-items-flex-start fusion-flex-content-wrap\" style=\"max-width:1430px;margin-left: calc(-4% \/ 2 );margin-right: calc(-4% \/ 2 );\"><div class=\"fusion-layout-column fusion_builder_column fusion-builder-column-0 fusion_builder_column_3_5 3_5 fusion-flex-column\" style=\"--awb-bg-size:cover;--awb-width-large:60%;--awb-margin-top-large:0px;--awb-spacing-right-large:3.2%;--awb-margin-bottom-large:8%;--awb-spacing-left-large:3.2%;--awb-width-medium:100%;--awb-order-medium:0;--awb-spacing-right-medium:1.92%;--awb-spacing-left-medium:1.92%;--awb-width-small:100%;--awb-order-small:0;--awb-spacing-right-small:1.92%;--awb-spacing-left-small:1.92%;\"><div class=\"fusion-column-wrapper fusion-column-has-shadow fusion-flex-justify-content-flex-start fusion-content-layout-column\"><div class=\"fusion-separator\" style=\"align-self: center;margin-left: auto;margin-right: auto;margin-top:5px;width:100%;max-width:70px;\"><\/div><div class=\"fusion-title title fusion-title-1 fusion-sep-none fusion-title-text fusion-title-size-two\"><h2 class=\"fusion-title-heading title-heading-left fusion-responsive-typography-calculated\" style=\"margin:0;--fontSize:31;line-height:var(--awb-typography1-line-height);\">Reservar por tel\u00e9fono<\/h2><\/div><ul style=\"--awb-line-height:35.7px;--awb-icon-width:35.7px;--awb-icon-height:35.7px;--awb-icon-margin:14.7px;--awb-content-margin:50.4px;\" class=\"fusion-checklist fusion-checklist-1 fusion-checklist-default type-icons\"><li class=\"fusion-li-item\" style=\"\"><span class=\"icon-wrapper circle-no\"><i class=\"fusion-li-icon fa-phone-alt fas\" aria-hidden=\"true\"><\/i><\/span><div class=\"fusion-li-item-content\">\n<p>0761 \/ 54 322<\/p>\n<\/div><\/li><li class=\"fusion-li-item\" style=\"\"><span class=\"icon-wrapper circle-no\"><i class=\"fusion-li-icon fa-envelope-open fas\" aria-hidden=\"true\"><\/i><\/span><div class=\"fusion-li-item-content\">\n<p>reservierung@waldrestaurant-zaehringerburg.de<\/p>\n<\/div><\/li><\/ul><div class=\"fusion-separator\" style=\"align-self: center;margin-left: auto;margin-right: auto;margin-top:5px;width:100%;max-width:70px;\"><\/div><div class=\"fusion-title title fusion-title-2 fusion-sep-none fusion-title-text fusion-title-size-three\"><h3 class=\"fusion-title-heading title-heading-left fusion-responsive-typography-calculated\" style=\"margin:0;--fontSize:30;line-height:var(--awb-typography1-line-height);\"><p>Reutebacher H\u00f6fe 7<\/p>\n<p>D-79104 Freiburg i. Breisgau<\/p><\/h3><\/div><div class=\"fusion-social-links fusion-social-links-1\" style=\"--awb-margin-top:0px;--awb-margin-right:0px;--awb-margin-bottom:0px;--awb-margin-left:0px;--awb-box-border-top:0px;--awb-box-border-right:0px;--awb-box-border-bottom:0px;--awb-box-border-left:0px;--awb-icon-colors-hover:rgba(255,255,255,0.8);--awb-box-colors-hover:rgba(0,0,0,0.8);--awb-box-border-color:var(--awb-color3);--awb-box-border-color-hover:var(--awb-color4);\"><div class=\"fusion-social-networks boxed-icons color-type-custom\"><div class=\"fusion-social-networks-wrapper\"><a class=\"fusion-social-network-icon fusion-tooltip fusion-facebook awb-icon-facebook\" style=\"color:var(--awb-color1);font-size:15px;width:15px;background-color:var(--awb-color8);border-color:var(--awb-color8);border-radius:30px;\" data-placement=\"top\" data-title=\"Facebook\" data-toggle=\"tooltip\" title=\"Facebook\" aria-label=\"facebook\" target=\"_blank\" rel=\"noopener noreferrer\" href=\"https:\/\/de-de.facebook.com\/Restaurant.Freiburg\/\"><\/a><\/div><\/div><\/div><div class=\"fusion-separator\" style=\"align-self: center;margin-left: auto;margin-right: auto;margin-top:5px;width:100%;max-width:70px;\"><\/div><div class=\"fusion-text fusion-text-1\"><div id=\"anfahrten\">\n<hr>\n<h4>Forma de pago: exclusivamente en efectivo o con tarjeta de d\u00e9bito<\/h4>\n<\/div>\n<hr>\n<h4>Aviso: Lamentablemente, no se permiten perros en el interior.<\/h4>\n<p>Les damos la bienvenida con gusto en nuestra terraza exterior, pero no se permiten en el restaurante. Hay muchas personas que padecen alergias, ni\u00f1os o adultos que sienten temor, o simplemente hu\u00e9spedes que se sienten perturbados por los perros porque ladran o emiten olores desagradables, no permanecen sentados debajo de la mesa, etc.<\/p>\n<\/div><div class=\"fusion-text fusion-text-2\"><div id=\"anfahrten\">\n<hr>\n<h4>Indicaciones desde el centro de Freiburg<\/h4>\n<ul>\n<li>Direcci\u00f3n Z\u00e4hringen por la calle Habsburger Stra\u00dfe<\/li>\n<li>Siga la calle Z\u00e4hringer Stra\u00dfe junto al tranv\u00eda hasta la \u00faltima parada de la l\u00ednea 2<\/li>\n<li>Luego gire a la derecha en Reutebachgasse<\/li>\n<li>Antes del paso subterr\u00e1neo del ferrocarril, gire a la izquierda en Wildtalstra\u00dfe e inmediatamente a la derecha en Pochgasse<\/li>\n<li>Contin\u00fae ascendiendo a trav\u00e9s de la zona residencial &#8211; luego otros tres kil\u00f3metros por el bosque<\/li>\n<\/ul>\n<\/div>\n<p><b>Indicaciones para dispositivos de navegaci\u00f3n<br \/>\n<\/b><b><\/b>Desafortunadamente, muchos dispositivos de navegaci\u00f3n proporcionan una ruta desfavorable (acceso por camino de tierra) si indica Reutebacher H\u00f6fe como direcci\u00f3n de destino. Por lo tanto, ingrese Pochgasse 71, 79104 Freiburg im Breisgau. Desde Pochgasse, contin\u00fae siempre ascendiendo a trav\u00e9s de la zona residencial &#8211; luego otros tres kil\u00f3metros por el bosque.<\/p>\n<\/div><\/div><\/div><div class=\"fusion-layout-column fusion_builder_column fusion-builder-column-1 fusion_builder_column_2_5 2_5 fusion-flex-column\" style=\"--awb-padding-top:2%;--awb-padding-right:2%;--awb-padding-bottom:2%;--awb-padding-left:2%;--awb-bg-color:var(--awb-color8);--awb-bg-color-hover:var(--awb-color8);--awb-bg-size:cover;--awb-width-large:40%;--awb-margin-top-large:0px;--awb-spacing-right-large:4.8%;--awb-margin-bottom-large:8%;--awb-spacing-left-large:4.8%;--awb-width-medium:100%;--awb-order-medium:0;--awb-spacing-right-medium:1.92%;--awb-spacing-left-medium:1.92%;--awb-width-small:100%;--awb-order-small:0;--awb-spacing-right-small:1.92%;--awb-spacing-left-small:1.92%;\"><div class=\"fusion-column-wrapper fusion-column-has-shadow fusion-flex-justify-content-flex-start fusion-content-layout-column\"><div class=\"fusion-text fusion-text-3\" style=\"--awb-font-size:15px;--awb-text-color:var(--awb-color1);\"><p><strong style=\"font-style: italic;\">Horario de apertura<\/strong><\/p>\n<p>Mi\u00e9rcoles a viernes a partir de las 17:00 horas<\/p>\n<p>S\u00e1bados, domingos y festivos a partir de las 12:00 horas<\/p>\n<p>Lunes y martes cerrado<\/p>\n<\/div>\n<\/div><\/div><div class=\"fusion-layout-column fusion_builder_column fusion-builder-column-2 fusion_builder_column_1_1 1_1 fusion-flex-column\" style=\"--awb-bg-blend:overlay;--awb-bg-size:cover;--awb-width-large:100%;--awb-margin-top-large:0px;--awb-spacing-right-large:1.92%;--awb-margin-bottom-large:0px;--awb-spacing-left-large:1.92%;--awb-width-medium:100%;--awb-spacing-right-medium:1.92%;--awb-spacing-left-medium:1.92%;--awb-width-small:100%;--awb-spacing-right-small:1.92%;--awb-spacing-left-small:1.92%;\"><div class=\"fusion-column-wrapper fusion-flex-justify-content-flex-start fusion-content-layout-column\"><div class=\"fusion-separator\" style=\"align-self: center;margin-left: auto;margin-right: auto;margin-top:5px;width:100%;max-width:70px;\"><\/div><div class=\"fusion-separator\" style=\"align-self: center;margin-left: auto;margin-right: auto;margin-top:5px;width:100%;max-width:70px;\"><\/div><a class=\"fusion-modal-text-link\" data-toggle=\"modal\" data-target=\".fusion-modal.GoogleMaps\" href=\"#\"><iframe class=\"fusion-hidden\" data-privacy-type=\"gmaps\" src=\"\" style=\"border: 0;\" data-privacy-src=\"https:\/\/www.google.com\/maps\/embed?pb=!1m14!1m8!1m3!1d2668.530300209032!2d7.884349980426026!3d48.02278373133418!3m2!1i1024!2i768!4f13.1!3m3!1m2!1s0x0%3A0x1038265d65aaa4a8!2sWaldrestaurant+Z%C3%A4hringer+Burg!5e0!3m2!1sde!2sde!4v1391031114079\" width=\"100%\" height=\"450\" frameborder=\"0\"><\/iframe><div class=\"fusion-privacy-placeholder\" style=\"width:100%; height:450px;\" data-privacy-type=\"gmaps\"><div class=\"fusion-privacy-placeholder-content\"><div class=\"fusion-privacy-label\">For privacy reasons Google Maps needs your permission to be loaded.<\/div><button data-privacy-type=\"gmaps\" class=\"fusion-button button-default fusion-button-default-size button fusion-privacy-consent\">I Accept<\/button><\/div><\/div><\/a><\/div><\/div><\/div><\/div>\n","protected":false},"excerpt":{"rendered":"","protected":false},"author":2,"featured_media":0,"parent":0,"menu_order":15,"comment_status":"open","ping_status":"open","template":"100-width.php","meta":{"_acf_changed":false,"footnotes":""},"class_list":["post-7295","page","type-page","status-publish","hentry"],"acf":[],"_links":{"self":[{"href":"https:\/\/waldrestaurant-zaehringerburg.de\/es\/wp-json\/wp\/v2\/pages\/7295","targetHints":{"allow":["GET"]}}],"collection":[{"href":"https:\/\/waldrestaurant-zaehringerburg.de\/es\/wp-json\/wp\/v2\/pages"}],"about":[{"href":"https:\/\/waldrestaurant-zaehringerburg.de\/es\/wp-json\/wp\/v2\/types\/page"}],"author":[{"embeddable":true,"href":"https:\/\/waldrestaurant-zaehringerburg.de\/es\/wp-json\/wp\/v2\/users\/2"}],"replies":[{"embeddable":true,"href":"https:\/\/waldrestaurant-zaehringerburg.de\/es\/wp-json\/wp\/v2\/comments?post=7295"}],"version-history":[{"count":4,"href":"https:\/\/waldrestaurant-zaehringerburg.de\/es\/wp-json\/wp\/v2\/pages\/7295\/revisions"}],"predecessor-version":[{"id":7301,"href":"https:\/\/waldrestaurant-zaehringerburg.de\/es\/wp-json\/wp\/v2\/pages\/7295\/revisions\/7301"}],"wp:attachment":[{"href":"https:\/\/waldrestaurant-zaehringerburg.de\/es\/wp-json\/wp\/v2\/media?parent=7295"}],"curies":[{"name":"wp","href":"https:\/\/api.w.org\/{rel}","templated":true}]}}