{"id":7107,"date":"2025-02-22T23:48:55","date_gmt":"2025-02-22T22:48:55","guid":{"rendered":"https:\/\/waldrestaurant-zaehringerburg.de\/camera-meteo-restaurant-fribourg-rosskopf-zaehringen-wildtal\/"},"modified":"2025-03-24T22:02:39","modified_gmt":"2025-03-24T21:02:39","slug":"camera-meteo-restaurant-fribourg-rosskopf-zaehringen-wildtal","status":"publish","type":"page","link":"https:\/\/waldrestaurant-zaehringerburg.de\/fr\/camera-meteo-restaurant-fribourg-rosskopf-zaehringen-wildtal\/","title":{"rendered":"Cam\u00e9ra m\u00e9t\u00e9o-Restaurant-Fribourg-Rosskopf-Z\u00e4hringen-Wildtal"},"content":{"rendered":"<div class=\"fusion-fullwidth fullwidth-box fusion-builder-row-1 fusion-flex-container has-pattern-background has-mask-background nonhundred-percent-fullwidth hundred-percent-height hundred-percent-height-center-content non-hundred-percent-height-scrolling\" style=\"--awb-border-radius-top-left:0px;--awb-border-radius-top-right:0px;--awb-border-radius-bottom-right:0px;--awb-border-radius-bottom-left:0px;--awb-padding-top:0px;--awb-padding-right:0px;--awb-padding-bottom:0px;--awb-padding-left:0px;--awb-margin-top:0px;--awb-margin-bottom:0px;--awb-flex-wrap:wrap;\" ><div class=\"fusion-builder-row fusion-row fusion-flex-align-items-flex-start fusion-flex-content-wrap\" style=\"max-width:1430px;margin-left: calc(-4% \/ 2 );margin-right: calc(-4% \/ 2 );\"><div class=\"fusion-layout-column fusion_builder_column fusion-builder-column-0 fusion_builder_column_1_1 1_1 fusion-flex-column\" style=\"--awb-bg-size:cover;--awb-width-large:100%;--awb-margin-top-large:0px;--awb-spacing-right-large:1.92%;--awb-margin-bottom-large:0px;--awb-spacing-left-large:1.92%;--awb-width-medium:100%;--awb-spacing-right-medium:1.92%;--awb-spacing-left-medium:1.92%;--awb-width-small:100%;--awb-spacing-right-small:1.92%;--awb-spacing-left-small:1.92%;\"><div class=\"fusion-column-wrapper fusion-flex-justify-content-flex-start fusion-content-layout-column\"><div class=\"fusion-text fusion-text-1\"><div style=\"width: 1930px\" class=\"wp-caption alignnone\"><img decoding=\"async\" class=\"lazyload size-fusion800\" src=\"data:image\/svg+xml,%3Csvg%20xmlns%3D%27http%3A%2F%2Fwww.w3.org%2F2000%2Fsvg%27%20width%3D%271920%27%20height%3D%271080%27%20viewBox%3D%270%200%201920%201080%27%3E%3Crect%20width%3D%271920%27%20height%3D%271080%27%20fill-opacity%3D%220%22%2F%3E%3C%2Fsvg%3E\" data-orig-src=\"https:\/\/waldrestaurant-zaehringerburg.de\/panoramakamera\/zaehringerburg_wetter_cam.jpg\" alt=\"Image actuelle de la cam\u00e9ra m\u00e9t\u00e9orologique, montrant la vue pittoresque depuis le restaurant forestier Z\u00e4hringerburg sur la vall\u00e9e. Id\u00e9ale pour pr\u00e9senter les informations m\u00e9t\u00e9orologiques actuelles, des clich\u00e9s de nature et d'impressionnantes vues panoramiques.\" width=\"1920\" height=\"1080\"><p class=\"wp-caption-text\">Cam\u00e9ra m\u00e9t\u00e9orologique du restaurant forestier Z\u00e4hringerburg \u2013 Vue sur la vall\u00e9e<\/p><\/div>\n<\/div><div class=\"fusion-image-element \" style=\"--awb-caption-title-font-family:var(--h2_typography-font-family);--awb-caption-title-font-weight:var(--h2_typography-font-weight);--awb-caption-title-font-style:var(--h2_typography-font-style);--awb-caption-title-size:var(--h2_typography-font-size);--awb-caption-title-transform:var(--h2_typography-text-transform);--awb-caption-title-line-height:var(--h2_typography-line-height);--awb-caption-title-letter-spacing:var(--h2_typography-letter-spacing);\"><span class=\" fusion-imageframe imageframe-none imageframe-1 hover-type-zoomin fusion-animated\" data-animationType=\"lightspeedin\" data-animationDuration=\"1.1\" data-animationDelay=\"0.5\" data-animationOffset=\"top-into-view\"><img decoding=\"async\" width=\"613\" height=\"186\" title=\"Logo_restaurant_freiburg_613_2x\" src=\"https:\/\/waldrestaurant-zaehringerburg.de\/wp-content\/uploads\/2022\/11\/Logo_restaurant_freiburg_613_2x.png\" data-orig-src=\"https:\/\/waldrestaurant-zaehringerburg.de\/wp-content\/uploads\/2022\/11\/Logo_restaurant_freiburg_613_2x.png\" alt class=\"lazyload img-responsive wp-image-5952\" srcset=\"data:image\/svg+xml,%3Csvg%20xmlns%3D%27http%3A%2F%2Fwww.w3.org%2F2000%2Fsvg%27%20width%3D%27613%27%20height%3D%27186%27%20viewBox%3D%270%200%20613%20186%27%3E%3Crect%20width%3D%27613%27%20height%3D%27186%27%20fill-opacity%3D%220%22%2F%3E%3C%2Fsvg%3E\" data-srcset=\"https:\/\/waldrestaurant-zaehringerburg.de\/wp-content\/uploads\/2022\/11\/Logo_restaurant_freiburg_613_2x-200x61.png 200w, https:\/\/waldrestaurant-zaehringerburg.de\/wp-content\/uploads\/2022\/11\/Logo_restaurant_freiburg_613_2x-400x121.png 400w, https:\/\/waldrestaurant-zaehringerburg.de\/wp-content\/uploads\/2022\/11\/Logo_restaurant_freiburg_613_2x-600x182.png 600w, https:\/\/waldrestaurant-zaehringerburg.de\/wp-content\/uploads\/2022\/11\/Logo_restaurant_freiburg_613_2x.png 613w\" data-sizes=\"auto\" data-orig-sizes=\"(max-width: 1024px) 100vw, (max-width: 640px) 100vw, 613px\" \/><\/span><\/div><\/div><\/div><\/div><\/div>\n","protected":false},"excerpt":{"rendered":"","protected":false},"author":1,"featured_media":0,"parent":0,"menu_order":0,"comment_status":"closed","ping_status":"closed","template":"100-width.php","meta":{"_acf_changed":false,"footnotes":""},"class_list":["post-7107","page","type-page","status-publish","hentry"],"acf":[],"_links":{"self":[{"href":"https:\/\/waldrestaurant-zaehringerburg.de\/fr\/wp-json\/wp\/v2\/pages\/7107","targetHints":{"allow":["GET"]}}],"collection":[{"href":"https:\/\/waldrestaurant-zaehringerburg.de\/fr\/wp-json\/wp\/v2\/pages"}],"about":[{"href":"https:\/\/waldrestaurant-zaehringerburg.de\/fr\/wp-json\/wp\/v2\/types\/page"}],"author":[{"embeddable":true,"href":"https:\/\/waldrestaurant-zaehringerburg.de\/fr\/wp-json\/wp\/v2\/users\/1"}],"replies":[{"embeddable":true,"href":"https:\/\/waldrestaurant-zaehringerburg.de\/fr\/wp-json\/wp\/v2\/comments?post=7107"}],"version-history":[{"count":6,"href":"https:\/\/waldrestaurant-zaehringerburg.de\/fr\/wp-json\/wp\/v2\/pages\/7107\/revisions"}],"predecessor-version":[{"id":7129,"href":"https:\/\/waldrestaurant-zaehringerburg.de\/fr\/wp-json\/wp\/v2\/pages\/7107\/revisions\/7129"}],"wp:attachment":[{"href":"https:\/\/waldrestaurant-zaehringerburg.de\/fr\/wp-json\/wp\/v2\/media?parent=7107"}],"curies":[{"name":"wp","href":"https:\/\/api.w.org\/{rel}","templated":true}]}}