{"id":7251,"date":"2025-03-19T22:23:50","date_gmt":"2025-03-19T21:23:50","guid":{"rendered":"https:\/\/waldrestaurant-zaehringerburg.de\/lhistoire-du-chateau-des-zaehringen\/"},"modified":"2025-03-24T22:03:04","modified_gmt":"2025-03-24T21:03:04","slug":"lhistoire-du-chateau-des-zaehringen","status":"publish","type":"page","link":"https:\/\/waldrestaurant-zaehringerburg.de\/fr\/lhistoire-du-chateau-des-zaehringen\/","title":{"rendered":"L&rsquo;Histoire du Ch\u00e2teau des Z\u00e4hringen"},"content":{"rendered":"<div class=\"fusion-fullwidth fullwidth-box fusion-builder-row-1 fusion-flex-container has-pattern-background has-mask-background hundred-percent-fullwidth non-hundred-percent-height-scrolling\" style=\"--awb-border-radius-top-left:0px;--awb-border-radius-top-right:0px;--awb-border-radius-bottom-right:0px;--awb-border-radius-bottom-left:0px;--awb-padding-top:1%;--awb-padding-right:0px;--awb-padding-bottom:0px;--awb-padding-left:0px;--awb-margin-top:0px;--awb-background-color:var(--awb-color1);--awb-flex-wrap:wrap;\" ><div class=\"fusion-builder-row fusion-row fusion-flex-align-items-stretch fusion-flex-content-wrap\" style=\"width:calc( 100% + 0px ) !important;max-width:calc( 100% + 0px ) !important;margin-left: calc(-0px \/ 2 );margin-right: calc(-0px \/ 2 );\"><div class=\"fusion-layout-column fusion_builder_column fusion-builder-column-0 fusion_builder_column_1_1 1_1 fusion-flex-column fusion-animated\" style=\"--awb-padding-top:0px;--awb-padding-right:2%;--awb-padding-bottom:2%;--awb-padding-left:2%;--awb-bg-color:rgba(251,254,225,0);--awb-bg-color-hover:rgba(251,254,225,0);--awb-bg-size:cover;--awb-width-large:100%;--awb-margin-top-large:0px;--awb-spacing-right-large:calc( 0 * calc( 100% - 0px ) );--awb-margin-bottom-large:0px;--awb-spacing-left-large:0px;--awb-width-medium:100%;--awb-order-medium:0;--awb-spacing-right-medium:0px;--awb-spacing-left-medium:0px;--awb-width-small:100%;--awb-order-small:0;--awb-spacing-right-small:0px;--awb-spacing-left-small:0px;\" data-animationType=\"fadeInRight\" data-animationDuration=\"1.0\" data-animationOffset=\"top-into-view\" data-scroll-devices=\"small-visibility,medium-visibility,large-visibility\"><div class=\"fusion-column-wrapper fusion-column-has-shadow fusion-flex-justify-content-flex-start fusion-content-layout-column\"><div class=\"fusion-title title fusion-title-1 fusion-sep-none fusion-title-center fusion-title-text fusion-title-size-three\"><h3 class=\"fusion-title-heading title-heading-center fusion-responsive-typography-calculated\" style=\"margin:0;--fontSize:30;line-height:var(--awb-typography1-line-height);\"><h3>L&rsquo;Histoire du Ch\u00e2teau des Z\u00e4hringen<\/h3><\/h3><\/div><div class=\"fusion-text fusion-text-1\" style=\"--awb-content-alignment:center;\"><p>La cl\u00e9 de la tour du ch\u00e2teau, situ\u00e9e \u00e0 environ 5 minutes de marche, est disponible aupr\u00e8s de nous.<\/p>\n<\/div><div class=\"fusion-video fusion-selfhosted-video\" style=\"align-self:center;max-width:60%;\"><div class=\"video-wrapper\"><video playsinline=\"true\" width=\"100%\" style=\"object-fit: cover;\" muted=\"true\" preload=\"auto\" controls=\"1\"><source src=\"https:\/\/www.waldrestaurant-zaehringerburg.de\/wp-content\/uploads\/2024\/09\/Die-Burg-Final.mp4\" type=\"video\/mp4\">Sorry, your browser doesn&#039;t support embedded videos.<\/video><\/div><\/div><div class=\"fusion-text fusion-text-2 fusion-text-no-margin\" style=\"--awb-margin-top:20px;--awb-margin-right:20px;--awb-margin-bottom:20px;--awb-margin-left:20px;--awb-text-font-family:-apple-system, BlinkMacSystemFont, &#039;Segoe UI&#039;, Roboto, Oxygen-Sans, Ubuntu, Cantarell, &#039;Helvetica Neue&#039; ,sans-serif;--awb-text-font-style:normal;--awb-text-font-weight:400;\"><p style=\"text-align: center;\">Le ch\u00e2teau de Z\u00e4hringen fut \u00e9rig\u00e9 en 1078 par Berthold II, \u00ab Duc de Z\u00e4hringen \u00bb. Auparavant, la colline du ch\u00e2teau avait d\u00e9j\u00e0 \u00e9t\u00e9 am\u00e9nag\u00e9e par les ducs alamans en tant que \u00ab forteresse \u00bb et d\u00e9velopp\u00e9e comme fortification \u00e0 partir de 270. Les ducs de Z\u00e4hringen fond\u00e8rent des monast\u00e8res, des villes (Fribourg, Offenbourg, Rottweil, Berne&#8230;) &amp; des ch\u00e2teaux et d\u00e9velopp\u00e8rent le pays par des routes &amp; des chemins. Pendant la Guerre des Paysans (1525), tous les b\u00e2timents furent incendi\u00e9s et la destruction totale survint lors de la \u00ab Guerre de Trente Ans \u00bb (1618-1648). Jusqu&rsquo;\u00e0 ce jour, le ch\u00e2teau de Z\u00e4hringen est rest\u00e9 le magnifique point de vue qui attirait d\u00e9j\u00e0 les gens il y a plus de 2000 ans. Le restaurant forestier Z\u00e4hringer Burg fut construit en 1655, sur le terrain de l&rsquo;ancienne \u00ab forge d&rsquo;armes \u00bb des ducs de Z\u00e4hringen. Les premi\u00e8res g\u00e9n\u00e9rations de cette maison vivaient de l&rsquo;agriculture &amp; de l&rsquo;\u00e9levage. \u00c0 la fin du XVIIIe si\u00e8cle, une salle de collation fut am\u00e9nag\u00e9e pour les randonneurs. En 1934, une extension fut r\u00e9alis\u00e9e, et de nombreuses tables &amp; chaises datent encore de cette \u00e9poque.<\/p>\n<\/div><\/div><\/div><\/div><\/div>\n","protected":false},"excerpt":{"rendered":"","protected":false},"author":1,"featured_media":0,"parent":0,"menu_order":14,"comment_status":"closed","ping_status":"closed","template":"100-width.php","meta":{"_acf_changed":false,"footnotes":""},"class_list":["post-7251","page","type-page","status-publish","hentry"],"acf":[],"_links":{"self":[{"href":"https:\/\/waldrestaurant-zaehringerburg.de\/fr\/wp-json\/wp\/v2\/pages\/7251","targetHints":{"allow":["GET"]}}],"collection":[{"href":"https:\/\/waldrestaurant-zaehringerburg.de\/fr\/wp-json\/wp\/v2\/pages"}],"about":[{"href":"https:\/\/waldrestaurant-zaehringerburg.de\/fr\/wp-json\/wp\/v2\/types\/page"}],"author":[{"embeddable":true,"href":"https:\/\/waldrestaurant-zaehringerburg.de\/fr\/wp-json\/wp\/v2\/users\/1"}],"replies":[{"embeddable":true,"href":"https:\/\/waldrestaurant-zaehringerburg.de\/fr\/wp-json\/wp\/v2\/comments?post=7251"}],"version-history":[{"count":1,"href":"https:\/\/waldrestaurant-zaehringerburg.de\/fr\/wp-json\/wp\/v2\/pages\/7251\/revisions"}],"predecessor-version":[{"id":7256,"href":"https:\/\/waldrestaurant-zaehringerburg.de\/fr\/wp-json\/wp\/v2\/pages\/7251\/revisions\/7256"}],"wp:attachment":[{"href":"https:\/\/waldrestaurant-zaehringerburg.de\/fr\/wp-json\/wp\/v2\/media?parent=7251"}],"curies":[{"name":"wp","href":"https:\/\/api.w.org\/{rel}","templated":true}]}}