{"id":7288,"date":"2020-01-16T19:25:51","date_gmt":"2020-01-16T18:25:51","guid":{"rendered":"https:\/\/waldrestaurant-zaehringerburg.de\/restaurant-terrasse\/"},"modified":"2025-03-24T22:03:31","modified_gmt":"2025-03-24T21:03:31","slug":"restaurant-terrasse","status":"publish","type":"page","link":"https:\/\/waldrestaurant-zaehringerburg.de\/fr\/restaurant-terrasse\/","title":{"rendered":"Restaurant  Terrasse"},"content":{"rendered":"<div class=\"fusion-fullwidth fullwidth-box fusion-builder-row-1 fusion-flex-container has-pattern-background has-mask-background nonhundred-percent-fullwidth non-hundred-percent-height-scrolling\" style=\"--awb-border-radius-top-left:0px;--awb-border-radius-top-right:0px;--awb-border-radius-bottom-right:0px;--awb-border-radius-bottom-left:0px;--awb-padding-top:10%;--awb-padding-bottom:2%;--awb-margin-bottom:2%;--awb-background-color:var(--awb-color1);--awb-flex-wrap:wrap;\" ><div class=\"fusion-builder-row fusion-row fusion-flex-align-items-flex-start fusion-flex-content-wrap\" style=\"max-width:1430px;margin-left: calc(-4% \/ 2 );margin-right: calc(-4% \/ 2 );\"><div class=\"fusion-layout-column fusion_builder_column fusion-builder-column-0 fusion_builder_column_1_1 1_1 fusion-flex-column\" style=\"--awb-bg-size:cover;--awb-width-large:100%;--awb-margin-top-large:0px;--awb-spacing-right-large:1.92%;--awb-margin-bottom-large:8%;--awb-spacing-left-large:1.92%;--awb-width-medium:100%;--awb-order-medium:0;--awb-spacing-right-medium:1.92%;--awb-spacing-left-medium:1.92%;--awb-width-small:100%;--awb-order-small:0;--awb-spacing-right-small:1.92%;--awb-spacing-left-small:1.92%;\"><div class=\"fusion-column-wrapper fusion-column-has-shadow fusion-flex-justify-content-flex-start fusion-content-layout-column\"><div class=\"fusion-video fusion-selfhosted-video\" style=\"max-width:100%;\"><div class=\"video-wrapper\"><video playsinline=\"true\" width=\"100%\" style=\"object-fit: cover;\" autoplay=\"true\" muted=\"true\" loop=\"true\" preload=\"auto\" controls=\"1\"><source src=\"https:\/\/www.waldrestaurant-zaehringerburg.de\/wp-content\/uploads\/2024\/09\/1727367013733.mp4\" type=\"video\/mp4\">Sorry, your browser doesn&#039;t support embedded videos.<\/video><\/div><\/div><\/div><\/div><div class=\"fusion-layout-column fusion_builder_column fusion-builder-column-1 fusion_builder_column_1_2 1_2 fusion-flex-column fusion-animated\" style=\"--awb-bg-size:cover;--awb-width-large:50%;--awb-margin-top-large:0px;--awb-spacing-right-large:9.6%;--awb-margin-bottom-large:0px;--awb-spacing-left-large:3.84%;--awb-width-medium:50%;--awb-spacing-right-medium:9.6%;--awb-spacing-left-medium:3.84%;--awb-width-small:100%;--awb-spacing-right-small:1.92%;--awb-margin-bottom-small:40px;--awb-spacing-left-small:1.92%;\" data-animationType=\"fadeInUp\" data-animationDuration=\"0.5\" data-animationOffset=\"top-into-view\"><div class=\"fusion-column-wrapper fusion-column-has-shadow fusion-flex-justify-content-flex-start fusion-content-layout-column\"><div class=\"fusion-title title fusion-title-1 fusion-sep-none fusion-title-text fusion-title-size-six\" style=\"--awb-text-color:var(--awb-color8);--awb-margin-bottom:30px;\"><h6 class=\"fusion-title-heading title-heading-left fusion-responsive-typography-calculated\" style=\"margin:0;--fontSize:25;--minFontSize:25;line-height:var(--awb-typography2-line-height);\"><p data-fontsize=\"70\" data-lineheight=\"84px\">Le Restaurant<\/p><\/h6><\/div><div class=\"fusion-text fusion-text-1\"><p>Notre restaurant romantique offre plus de 70 places avec vue sur la nature, que ce soit pour un d\u00eener en t\u00eate-\u00e0-t\u00eate ou pour des c\u00e9l\u00e9brations que nous organisons individuellement selon vos souhaits. Notre salle annexe, adapt\u00e9e aux r\u00e9unions ou aux festivit\u00e9s jusqu&rsquo;\u00e0 45 personnes, dispose d&rsquo;une entr\u00e9e s\u00e9par\u00e9e.<\/p>\n<\/div><div ><a class=\"fusion-button button-flat fusion-button-default-size button-default fusion-button-default button-1 fusion-button-default-span fusion-button-default-type\" target=\"_self\" href=\"https:\/\/www.waldrestaurant-zaehringerburg.de\/geschlossene-gesellschaften\/\"><span class=\"fusion-button-text awb-button__text awb-button__text--default\">R\u00e9ceptions Priv\u00e9es<\/span><\/a><\/div><\/div><\/div><div class=\"fusion-layout-column fusion_builder_column fusion-builder-column-2 fusion_builder_column_1_2 1_2 fusion-flex-column fusion-animated\" style=\"--awb-bg-size:cover;--awb-width-large:50%;--awb-margin-top-large:0px;--awb-spacing-right-large:3.84%;--awb-margin-bottom-large:0px;--awb-spacing-left-large:9.6%;--awb-width-medium:50%;--awb-spacing-right-medium:3.84%;--awb-spacing-left-medium:9.6%;--awb-width-small:100%;--awb-spacing-right-small:1.92%;--awb-spacing-left-small:1.92%;\" data-animationType=\"fadeInUp\" data-animationDuration=\"1.0\" data-animationOffset=\"top-into-view\"><div class=\"fusion-column-wrapper fusion-column-has-shadow fusion-flex-justify-content-flex-start fusion-content-layout-column\"><div class=\"fusion-title title fusion-title-2 fusion-sep-none fusion-title-text fusion-title-size-six\" style=\"--awb-text-color:var(--awb-color8);--awb-margin-bottom:30px;\"><h6 class=\"fusion-title-heading title-heading-left fusion-responsive-typography-calculated\" style=\"margin:0;--fontSize:25;--minFontSize:25;line-height:var(--awb-typography2-line-height);\"><p class=\"fusion-responsive-typography-calculated\" data-fontsize=\"70\" data-lineheight=\"84px\">La Terrasse<\/p><\/h6><\/div><div class=\"fusion-text fusion-text-2\" style=\"--awb-text-color:var(--awb-color8);\"><p>Nos terrasses d&rsquo;une beaut\u00e9 exceptionnelle, avec diff\u00e9rents niveaux, peuvent accueillir plus de 220 personnes. Pendant que les adultes se d\u00e9tendent dans la zone des transats, les jeunes convives s&rsquo;amusent sur l&rsquo;aire de jeux. <\/p>\n<p>100 m\u00b2 de nos terrasses sont enti\u00e8rement couvertes, permettant ainsi de c\u00e9l\u00e9brer en plein air par tous les temps. Id\u00e9al pour les mariages, les anniversaires, les f\u00eates d&rsquo;entreprise&#8230;<\/p>\n<\/div><\/div><\/div><div class=\"fusion-layout-column fusion_builder_column fusion-builder-column-3 fusion_builder_column_1_1 1_1 fusion-flex-column\" style=\"--awb-bg-size:cover;--awb-width-large:100%;--awb-margin-top-large:0px;--awb-spacing-right-large:1.92%;--awb-margin-bottom-large:8%;--awb-spacing-left-large:1.92%;--awb-width-medium:100%;--awb-order-medium:0;--awb-spacing-right-medium:1.92%;--awb-spacing-left-medium:1.92%;--awb-width-small:100%;--awb-order-small:0;--awb-spacing-right-small:1.92%;--awb-spacing-left-small:1.92%;\"><div class=\"fusion-column-wrapper fusion-column-has-shadow fusion-flex-justify-content-flex-start fusion-content-layout-column\"><div class=\"fusion-slider-sc\"><div class=\"fusion-flexslider-loading flexslider flexslider-hover-type-none\" data-slideshow_autoplay=\"1\" data-slideshow_smooth_height=\"1\" data-slideshow_speed=\"7000\" style=\"max-width:100%;height:100%;\"><ul class=\"slides\"><li class=\"image\"><span class=\"lazyload fusion-image-hover-element hover-type-none\"><img decoding=\"async\" src=\"https:\/\/www.waldrestaurant-zaehringerburg.de\/wp-content\/uploads\/2024\/09\/DJI_0396-scaled.jpg\" data-orig-src=\"https:\/\/www.waldrestaurant-zaehringerburg.de\/wp-content\/uploads\/2024\/09\/DJI_0396-scaled.jpg\" width=\"2560\" height=\"1440\" class=\"lazyload wp-image-5003\" srcset=\"data:image\/svg+xml,%3Csvg%20xmlns%3D%27http%3A%2F%2Fwww.w3.org%2F2000%2Fsvg%27%20width%3D%272560%27%20height%3D%271440%27%20viewBox%3D%270%200%202560%201440%27%3E%3Crect%20width%3D%272560%27%20height%3D%271440%27%20fill-opacity%3D%220%22%2F%3E%3C%2Fsvg%3E\" data-srcset=\"https:\/\/waldrestaurant-zaehringerburg.de\/wp-content\/uploads\/2024\/09\/DJI_0396-200x113.jpg 200w, https:\/\/waldrestaurant-zaehringerburg.de\/wp-content\/uploads\/2024\/09\/DJI_0396-400x225.jpg 400w, https:\/\/waldrestaurant-zaehringerburg.de\/wp-content\/uploads\/2024\/09\/DJI_0396-600x338.jpg 600w, https:\/\/waldrestaurant-zaehringerburg.de\/wp-content\/uploads\/2024\/09\/DJI_0396-800x450.jpg 800w, https:\/\/waldrestaurant-zaehringerburg.de\/wp-content\/uploads\/2024\/09\/DJI_0396-1200x675.jpg 1200w, https:\/\/waldrestaurant-zaehringerburg.de\/wp-content\/uploads\/2024\/09\/DJI_0396-scaled.jpg 2560w\" data-sizes=\"auto\" data-orig-sizes=\"(max-width: 1024px) 100vw, (max-width: 640px) 100vw, 2560px\" \/><\/span><\/li><li class=\"image\"><span class=\"lazyload fusion-image-hover-element hover-type-none\"><img decoding=\"async\" src=\"https:\/\/www.waldrestaurant-zaehringerburg.de\/wp-content\/uploads\/2024\/09\/1-_DSC0024-800x533.jpg\" data-orig-src=\"https:\/\/www.waldrestaurant-zaehringerburg.de\/wp-content\/uploads\/2024\/09\/1-_DSC0024-800x533.jpg\" width=\"800\" height=\"533\" class=\"lazyload wp-image-4973\" srcset=\"data:image\/svg+xml,%3Csvg%20xmlns%3D%27http%3A%2F%2Fwww.w3.org%2F2000%2Fsvg%27%20width%3D%27800%27%20height%3D%27533%27%20viewBox%3D%270%200%20800%20533%27%3E%3Crect%20width%3D%27800%27%20height%3D%27533%27%20fill-opacity%3D%220%22%2F%3E%3C%2Fsvg%3E\" data-srcset=\"https:\/\/waldrestaurant-zaehringerburg.de\/wp-content\/uploads\/2024\/09\/1-_DSC0024-200x133.jpg 200w, https:\/\/waldrestaurant-zaehringerburg.de\/wp-content\/uploads\/2024\/09\/1-_DSC0024-400x267.jpg 400w, https:\/\/waldrestaurant-zaehringerburg.de\/wp-content\/uploads\/2024\/09\/1-_DSC0024-600x400.jpg 600w, https:\/\/waldrestaurant-zaehringerburg.de\/wp-content\/uploads\/2024\/09\/1-_DSC0024-800x533.jpg 800w, https:\/\/waldrestaurant-zaehringerburg.de\/wp-content\/uploads\/2024\/09\/1-_DSC0024.jpg 1200w\" data-sizes=\"auto\" data-orig-sizes=\"(max-width: 1024px) 100vw, (max-width: 640px) 100vw, 800px\" \/><\/span><\/li><li class=\"image\"><span class=\"lazyload fusion-image-hover-element hover-type-none\"><img decoding=\"async\" src=\"https:\/\/www.waldrestaurant-zaehringerburg.de\/wp-content\/uploads\/2023\/04\/DSC5433-scaled.jpg\" data-orig-src=\"https:\/\/www.waldrestaurant-zaehringerburg.de\/wp-content\/uploads\/2023\/04\/DSC5433-scaled.jpg\" width=\"2560\" height=\"1703\" class=\"lazyload wp-image-4364\" srcset=\"data:image\/svg+xml,%3Csvg%20xmlns%3D%27http%3A%2F%2Fwww.w3.org%2F2000%2Fsvg%27%20width%3D%272560%27%20height%3D%271703%27%20viewBox%3D%270%200%202560%201703%27%3E%3Crect%20width%3D%272560%27%20height%3D%271703%27%20fill-opacity%3D%220%22%2F%3E%3C%2Fsvg%3E\" data-srcset=\"https:\/\/waldrestaurant-zaehringerburg.de\/wp-content\/uploads\/2023\/04\/DSC5433-200x133.jpg 200w, https:\/\/waldrestaurant-zaehringerburg.de\/wp-content\/uploads\/2023\/04\/DSC5433-400x266.jpg 400w, https:\/\/waldrestaurant-zaehringerburg.de\/wp-content\/uploads\/2023\/04\/DSC5433-600x399.jpg 600w, https:\/\/waldrestaurant-zaehringerburg.de\/wp-content\/uploads\/2023\/04\/DSC5433-800x532.jpg 800w, https:\/\/waldrestaurant-zaehringerburg.de\/wp-content\/uploads\/2023\/04\/DSC5433-1200x798.jpg 1200w, https:\/\/waldrestaurant-zaehringerburg.de\/wp-content\/uploads\/2023\/04\/DSC5433-scaled.jpg 2560w\" data-sizes=\"auto\" data-orig-sizes=\"(max-width: 1024px) 100vw, (max-width: 640px) 100vw, 2560px\" \/><\/span><\/li><li class=\"image\"><span class=\"lazyload fusion-image-hover-element hover-type-none\"><img decoding=\"async\" src=\"https:\/\/www.waldrestaurant-zaehringerburg.de\/wp-content\/uploads\/2023\/04\/DSC5411-scaled.jpg\" data-orig-src=\"https:\/\/www.waldrestaurant-zaehringerburg.de\/wp-content\/uploads\/2023\/04\/DSC5411-scaled.jpg\" width=\"2560\" height=\"1703\" class=\"lazyload wp-image-4362\" srcset=\"data:image\/svg+xml,%3Csvg%20xmlns%3D%27http%3A%2F%2Fwww.w3.org%2F2000%2Fsvg%27%20width%3D%272560%27%20height%3D%271703%27%20viewBox%3D%270%200%202560%201703%27%3E%3Crect%20width%3D%272560%27%20height%3D%271703%27%20fill-opacity%3D%220%22%2F%3E%3C%2Fsvg%3E\" data-srcset=\"https:\/\/waldrestaurant-zaehringerburg.de\/wp-content\/uploads\/2023\/04\/DSC5411-200x133.jpg 200w, https:\/\/waldrestaurant-zaehringerburg.de\/wp-content\/uploads\/2023\/04\/DSC5411-400x266.jpg 400w, https:\/\/waldrestaurant-zaehringerburg.de\/wp-content\/uploads\/2023\/04\/DSC5411-600x399.jpg 600w, https:\/\/waldrestaurant-zaehringerburg.de\/wp-content\/uploads\/2023\/04\/DSC5411-800x532.jpg 800w, https:\/\/waldrestaurant-zaehringerburg.de\/wp-content\/uploads\/2023\/04\/DSC5411-1200x798.jpg 1200w, https:\/\/waldrestaurant-zaehringerburg.de\/wp-content\/uploads\/2023\/04\/DSC5411-scaled.jpg 2560w\" data-sizes=\"auto\" data-orig-sizes=\"(max-width: 1024px) 100vw, (max-width: 640px) 100vw, 2560px\" \/><\/span><\/li><li class=\"image\"><span class=\"lazyload fusion-image-hover-element hover-type-none\"><img decoding=\"async\" src=\"https:\/\/www.waldrestaurant-zaehringerburg.de\/wp-content\/uploads\/2023\/04\/DSC5437-scaled.jpg\" data-orig-src=\"https:\/\/www.waldrestaurant-zaehringerburg.de\/wp-content\/uploads\/2023\/04\/DSC5437-scaled.jpg\" width=\"2560\" height=\"1703\" class=\"lazyload wp-image-4365\" srcset=\"data:image\/svg+xml,%3Csvg%20xmlns%3D%27http%3A%2F%2Fwww.w3.org%2F2000%2Fsvg%27%20width%3D%272560%27%20height%3D%271703%27%20viewBox%3D%270%200%202560%201703%27%3E%3Crect%20width%3D%272560%27%20height%3D%271703%27%20fill-opacity%3D%220%22%2F%3E%3C%2Fsvg%3E\" data-srcset=\"https:\/\/waldrestaurant-zaehringerburg.de\/wp-content\/uploads\/2023\/04\/DSC5437-200x133.jpg 200w, https:\/\/waldrestaurant-zaehringerburg.de\/wp-content\/uploads\/2023\/04\/DSC5437-400x266.jpg 400w, https:\/\/waldrestaurant-zaehringerburg.de\/wp-content\/uploads\/2023\/04\/DSC5437-600x399.jpg 600w, https:\/\/waldrestaurant-zaehringerburg.de\/wp-content\/uploads\/2023\/04\/DSC5437-800x532.jpg 800w, https:\/\/waldrestaurant-zaehringerburg.de\/wp-content\/uploads\/2023\/04\/DSC5437-1200x798.jpg 1200w, https:\/\/waldrestaurant-zaehringerburg.de\/wp-content\/uploads\/2023\/04\/DSC5437-scaled.jpg 2560w\" data-sizes=\"auto\" data-orig-sizes=\"(max-width: 1024px) 100vw, (max-width: 640px) 100vw, 2560px\" \/><\/span><\/li><li class=\"image\"><span class=\"lazyload fusion-image-hover-element hover-type-none\"><img decoding=\"async\" src=\"https:\/\/www.waldrestaurant-zaehringerburg.de\/wp-content\/uploads\/2023\/04\/DSC5392-scaled.jpg\" data-orig-src=\"https:\/\/www.waldrestaurant-zaehringerburg.de\/wp-content\/uploads\/2023\/04\/DSC5392-scaled.jpg\" width=\"2560\" height=\"1703\" class=\"lazyload wp-image-4357\" srcset=\"data:image\/svg+xml,%3Csvg%20xmlns%3D%27http%3A%2F%2Fwww.w3.org%2F2000%2Fsvg%27%20width%3D%272560%27%20height%3D%271703%27%20viewBox%3D%270%200%202560%201703%27%3E%3Crect%20width%3D%272560%27%20height%3D%271703%27%20fill-opacity%3D%220%22%2F%3E%3C%2Fsvg%3E\" data-srcset=\"https:\/\/waldrestaurant-zaehringerburg.de\/wp-content\/uploads\/2023\/04\/DSC5392-200x133.jpg 200w, https:\/\/waldrestaurant-zaehringerburg.de\/wp-content\/uploads\/2023\/04\/DSC5392-400x266.jpg 400w, https:\/\/waldrestaurant-zaehringerburg.de\/wp-content\/uploads\/2023\/04\/DSC5392-600x399.jpg 600w, https:\/\/waldrestaurant-zaehringerburg.de\/wp-content\/uploads\/2023\/04\/DSC5392-800x532.jpg 800w, https:\/\/waldrestaurant-zaehringerburg.de\/wp-content\/uploads\/2023\/04\/DSC5392-1200x798.jpg 1200w, https:\/\/waldrestaurant-zaehringerburg.de\/wp-content\/uploads\/2023\/04\/DSC5392-scaled.jpg 2560w\" data-sizes=\"auto\" data-orig-sizes=\"(max-width: 1024px) 100vw, (max-width: 640px) 100vw, 2560px\" \/><\/span><\/li><li class=\"image\"><span class=\"lazyload fusion-image-hover-element hover-type-none\"><img decoding=\"async\" src=\"https:\/\/www.waldrestaurant-zaehringerburg.de\/wp-content\/uploads\/2023\/04\/DSC5372-scaled.jpg\" data-orig-src=\"https:\/\/www.waldrestaurant-zaehringerburg.de\/wp-content\/uploads\/2023\/04\/DSC5372-scaled.jpg\" width=\"2560\" height=\"1703\" class=\"lazyload wp-image-4353\" srcset=\"data:image\/svg+xml,%3Csvg%20xmlns%3D%27http%3A%2F%2Fwww.w3.org%2F2000%2Fsvg%27%20width%3D%272560%27%20height%3D%271703%27%20viewBox%3D%270%200%202560%201703%27%3E%3Crect%20width%3D%272560%27%20height%3D%271703%27%20fill-opacity%3D%220%22%2F%3E%3C%2Fsvg%3E\" data-srcset=\"https:\/\/waldrestaurant-zaehringerburg.de\/wp-content\/uploads\/2023\/04\/DSC5372-200x133.jpg 200w, https:\/\/waldrestaurant-zaehringerburg.de\/wp-content\/uploads\/2023\/04\/DSC5372-400x266.jpg 400w, https:\/\/waldrestaurant-zaehringerburg.de\/wp-content\/uploads\/2023\/04\/DSC5372-600x399.jpg 600w, https:\/\/waldrestaurant-zaehringerburg.de\/wp-content\/uploads\/2023\/04\/DSC5372-800x532.jpg 800w, https:\/\/waldrestaurant-zaehringerburg.de\/wp-content\/uploads\/2023\/04\/DSC5372-1200x798.jpg 1200w, https:\/\/waldrestaurant-zaehringerburg.de\/wp-content\/uploads\/2023\/04\/DSC5372-scaled.jpg 2560w\" data-sizes=\"auto\" data-orig-sizes=\"(max-width: 1024px) 100vw, (max-width: 640px) 100vw, 2560px\" \/><\/span><\/li><li class=\"image\"><span class=\"lazyload fusion-image-hover-element hover-type-none\"><img decoding=\"async\" src=\"https:\/\/www.waldrestaurant-zaehringerburg.de\/wp-content\/uploads\/2024\/09\/5-_DSC0037-800x533.jpg\" data-orig-src=\"https:\/\/www.waldrestaurant-zaehringerburg.de\/wp-content\/uploads\/2024\/09\/5-_DSC0037-800x533.jpg\" width=\"800\" height=\"533\" class=\"lazyload wp-image-4961\" srcset=\"data:image\/svg+xml,%3Csvg%20xmlns%3D%27http%3A%2F%2Fwww.w3.org%2F2000%2Fsvg%27%20width%3D%27800%27%20height%3D%27533%27%20viewBox%3D%270%200%20800%20533%27%3E%3Crect%20width%3D%27800%27%20height%3D%27533%27%20fill-opacity%3D%220%22%2F%3E%3C%2Fsvg%3E\" data-srcset=\"https:\/\/waldrestaurant-zaehringerburg.de\/wp-content\/uploads\/2024\/09\/5-_DSC0037-200x133.jpg 200w, https:\/\/waldrestaurant-zaehringerburg.de\/wp-content\/uploads\/2024\/09\/5-_DSC0037-400x267.jpg 400w, https:\/\/waldrestaurant-zaehringerburg.de\/wp-content\/uploads\/2024\/09\/5-_DSC0037-600x400.jpg 600w, https:\/\/waldrestaurant-zaehringerburg.de\/wp-content\/uploads\/2024\/09\/5-_DSC0037-800x533.jpg 800w, https:\/\/waldrestaurant-zaehringerburg.de\/wp-content\/uploads\/2024\/09\/5-_DSC0037.jpg 1200w\" data-sizes=\"auto\" data-orig-sizes=\"(max-width: 1024px) 100vw, (max-width: 640px) 100vw, 800px\" \/><\/span><\/li><li class=\"image\"><span class=\"lazyload fusion-image-hover-element hover-type-none\"><img decoding=\"async\" src=\"https:\/\/www.waldrestaurant-zaehringerburg.de\/wp-content\/uploads\/2023\/04\/DSC5395-scaled.jpg\" data-orig-src=\"https:\/\/www.waldrestaurant-zaehringerburg.de\/wp-content\/uploads\/2023\/04\/DSC5395-scaled.jpg\" width=\"2560\" height=\"1703\" class=\"lazyload wp-image-4359\" srcset=\"data:image\/svg+xml,%3Csvg%20xmlns%3D%27http%3A%2F%2Fwww.w3.org%2F2000%2Fsvg%27%20width%3D%272560%27%20height%3D%271703%27%20viewBox%3D%270%200%202560%201703%27%3E%3Crect%20width%3D%272560%27%20height%3D%271703%27%20fill-opacity%3D%220%22%2F%3E%3C%2Fsvg%3E\" data-srcset=\"https:\/\/waldrestaurant-zaehringerburg.de\/wp-content\/uploads\/2023\/04\/DSC5395-200x133.jpg 200w, https:\/\/waldrestaurant-zaehringerburg.de\/wp-content\/uploads\/2023\/04\/DSC5395-400x266.jpg 400w, https:\/\/waldrestaurant-zaehringerburg.de\/wp-content\/uploads\/2023\/04\/DSC5395-600x399.jpg 600w, https:\/\/waldrestaurant-zaehringerburg.de\/wp-content\/uploads\/2023\/04\/DSC5395-800x532.jpg 800w, https:\/\/waldrestaurant-zaehringerburg.de\/wp-content\/uploads\/2023\/04\/DSC5395-1200x798.jpg 1200w, https:\/\/waldrestaurant-zaehringerburg.de\/wp-content\/uploads\/2023\/04\/DSC5395-scaled.jpg 2560w\" data-sizes=\"auto\" data-orig-sizes=\"(max-width: 1024px) 100vw, (max-width: 640px) 100vw, 2560px\" \/><\/span><\/li><li class=\"image\"><span class=\"lazyload fusion-image-hover-element hover-type-none\"><img decoding=\"async\" src=\"https:\/\/www.waldrestaurant-zaehringerburg.de\/wp-content\/uploads\/2023\/04\/DSC5399-scaled.jpg\" data-orig-src=\"https:\/\/www.waldrestaurant-zaehringerburg.de\/wp-content\/uploads\/2023\/04\/DSC5399-scaled.jpg\" width=\"2560\" height=\"1703\" class=\"lazyload wp-image-4360\" srcset=\"data:image\/svg+xml,%3Csvg%20xmlns%3D%27http%3A%2F%2Fwww.w3.org%2F2000%2Fsvg%27%20width%3D%272560%27%20height%3D%271703%27%20viewBox%3D%270%200%202560%201703%27%3E%3Crect%20width%3D%272560%27%20height%3D%271703%27%20fill-opacity%3D%220%22%2F%3E%3C%2Fsvg%3E\" data-srcset=\"https:\/\/waldrestaurant-zaehringerburg.de\/wp-content\/uploads\/2023\/04\/DSC5399-200x133.jpg 200w, https:\/\/waldrestaurant-zaehringerburg.de\/wp-content\/uploads\/2023\/04\/DSC5399-400x266.jpg 400w, https:\/\/waldrestaurant-zaehringerburg.de\/wp-content\/uploads\/2023\/04\/DSC5399-600x399.jpg 600w, https:\/\/waldrestaurant-zaehringerburg.de\/wp-content\/uploads\/2023\/04\/DSC5399-800x532.jpg 800w, https:\/\/waldrestaurant-zaehringerburg.de\/wp-content\/uploads\/2023\/04\/DSC5399-1200x798.jpg 1200w, https:\/\/waldrestaurant-zaehringerburg.de\/wp-content\/uploads\/2023\/04\/DSC5399-scaled.jpg 2560w\" data-sizes=\"auto\" data-orig-sizes=\"(max-width: 1024px) 100vw, (max-width: 640px) 100vw, 2560px\" \/><\/span><\/li><li class=\"image\"><span class=\"lazyload fusion-image-hover-element hover-type-none\"><img decoding=\"async\" src=\"https:\/\/www.waldrestaurant-zaehringerburg.de\/wp-content\/uploads\/2023\/04\/Candle_Light_Freiburg_05.jpg\" data-orig-src=\"https:\/\/www.waldrestaurant-zaehringerburg.de\/wp-content\/uploads\/2023\/04\/Candle_Light_Freiburg_05.jpg\" width=\"1500\" height=\"1000\" class=\"lazyload wp-image-4340\" srcset=\"data:image\/svg+xml,%3Csvg%20xmlns%3D%27http%3A%2F%2Fwww.w3.org%2F2000%2Fsvg%27%20width%3D%271500%27%20height%3D%271000%27%20viewBox%3D%270%200%201500%201000%27%3E%3Crect%20width%3D%271500%27%20height%3D%271000%27%20fill-opacity%3D%220%22%2F%3E%3C%2Fsvg%3E\" data-srcset=\"https:\/\/waldrestaurant-zaehringerburg.de\/wp-content\/uploads\/2023\/04\/Candle_Light_Freiburg_05-200x133.jpg 200w, https:\/\/waldrestaurant-zaehringerburg.de\/wp-content\/uploads\/2023\/04\/Candle_Light_Freiburg_05-400x267.jpg 400w, https:\/\/waldrestaurant-zaehringerburg.de\/wp-content\/uploads\/2023\/04\/Candle_Light_Freiburg_05-600x400.jpg 600w, https:\/\/waldrestaurant-zaehringerburg.de\/wp-content\/uploads\/2023\/04\/Candle_Light_Freiburg_05-800x533.jpg 800w, https:\/\/waldrestaurant-zaehringerburg.de\/wp-content\/uploads\/2023\/04\/Candle_Light_Freiburg_05-1200x800.jpg 1200w, https:\/\/waldrestaurant-zaehringerburg.de\/wp-content\/uploads\/2023\/04\/Candle_Light_Freiburg_05.jpg 1500w\" data-sizes=\"auto\" data-orig-sizes=\"(max-width: 1024px) 100vw, (max-width: 640px) 100vw, 1500px\" \/><\/span><\/li><li class=\"image\"><span class=\"lazyload fusion-image-hover-element hover-type-none\"><img decoding=\"async\" src=\"https:\/\/www.waldrestaurant-zaehringerburg.de\/wp-content\/uploads\/2025\/01\/12-_DSC1565.jpg\" data-orig-src=\"https:\/\/www.waldrestaurant-zaehringerburg.de\/wp-content\/uploads\/2025\/01\/12-_DSC1565.jpg\" width=\"1200\" height=\"800\" class=\"lazyload wp-image-5149\" srcset=\"data:image\/svg+xml,%3Csvg%20xmlns%3D%27http%3A%2F%2Fwww.w3.org%2F2000%2Fsvg%27%20width%3D%271200%27%20height%3D%27800%27%20viewBox%3D%270%200%201200%20800%27%3E%3Crect%20width%3D%271200%27%20height%3D%27800%27%20fill-opacity%3D%220%22%2F%3E%3C%2Fsvg%3E\" data-srcset=\"https:\/\/waldrestaurant-zaehringerburg.de\/wp-content\/uploads\/2025\/01\/12-_DSC1565-200x133.jpg 200w, https:\/\/waldrestaurant-zaehringerburg.de\/wp-content\/uploads\/2025\/01\/12-_DSC1565-400x267.jpg 400w, https:\/\/waldrestaurant-zaehringerburg.de\/wp-content\/uploads\/2025\/01\/12-_DSC1565-600x400.jpg 600w, https:\/\/waldrestaurant-zaehringerburg.de\/wp-content\/uploads\/2025\/01\/12-_DSC1565-800x533.jpg 800w, https:\/\/waldrestaurant-zaehringerburg.de\/wp-content\/uploads\/2025\/01\/12-_DSC1565.jpg 1200w\" data-sizes=\"auto\" data-orig-sizes=\"(max-width: 1024px) 100vw, (max-width: 640px) 100vw, 1200px\" \/><\/span><\/li><li class=\"image\"><span class=\"lazyload fusion-image-hover-element hover-type-none\"><img decoding=\"async\" src=\"https:\/\/www.waldrestaurant-zaehringerburg.de\/wp-content\/uploads\/2025\/01\/19-_DSC1513.jpg\" data-orig-src=\"https:\/\/www.waldrestaurant-zaehringerburg.de\/wp-content\/uploads\/2025\/01\/19-_DSC1513.jpg\" width=\"1200\" height=\"800\" class=\"lazyload wp-image-5195\" srcset=\"data:image\/svg+xml,%3Csvg%20xmlns%3D%27http%3A%2F%2Fwww.w3.org%2F2000%2Fsvg%27%20width%3D%271200%27%20height%3D%27800%27%20viewBox%3D%270%200%201200%20800%27%3E%3Crect%20width%3D%271200%27%20height%3D%27800%27%20fill-opacity%3D%220%22%2F%3E%3C%2Fsvg%3E\" data-srcset=\"https:\/\/waldrestaurant-zaehringerburg.de\/wp-content\/uploads\/2025\/01\/19-_DSC1513-200x133.jpg 200w, https:\/\/waldrestaurant-zaehringerburg.de\/wp-content\/uploads\/2025\/01\/19-_DSC1513-400x267.jpg 400w, https:\/\/waldrestaurant-zaehringerburg.de\/wp-content\/uploads\/2025\/01\/19-_DSC1513-600x400.jpg 600w, https:\/\/waldrestaurant-zaehringerburg.de\/wp-content\/uploads\/2025\/01\/19-_DSC1513-800x533.jpg 800w, https:\/\/waldrestaurant-zaehringerburg.de\/wp-content\/uploads\/2025\/01\/19-_DSC1513.jpg 1200w\" data-sizes=\"auto\" data-orig-sizes=\"(max-width: 1024px) 100vw, (max-width: 640px) 100vw, 1200px\" \/><\/span><\/li><\/ul><\/div><\/div><\/div><\/div><\/div><\/div>\n","protected":false},"excerpt":{"rendered":"","protected":false},"author":1,"featured_media":0,"parent":0,"menu_order":14,"comment_status":"closed","ping_status":"closed","template":"100-width.php","meta":{"_acf_changed":false,"footnotes":""},"class_list":["post-7288","page","type-page","status-publish","hentry"],"acf":[],"_links":{"self":[{"href":"https:\/\/waldrestaurant-zaehringerburg.de\/fr\/wp-json\/wp\/v2\/pages\/7288","targetHints":{"allow":["GET"]}}],"collection":[{"href":"https:\/\/waldrestaurant-zaehringerburg.de\/fr\/wp-json\/wp\/v2\/pages"}],"about":[{"href":"https:\/\/waldrestaurant-zaehringerburg.de\/fr\/wp-json\/wp\/v2\/types\/page"}],"author":[{"embeddable":true,"href":"https:\/\/waldrestaurant-zaehringerburg.de\/fr\/wp-json\/wp\/v2\/users\/1"}],"replies":[{"embeddable":true,"href":"https:\/\/waldrestaurant-zaehringerburg.de\/fr\/wp-json\/wp\/v2\/comments?post=7288"}],"version-history":[{"count":1,"href":"https:\/\/waldrestaurant-zaehringerburg.de\/fr\/wp-json\/wp\/v2\/pages\/7288\/revisions"}],"predecessor-version":[{"id":7289,"href":"https:\/\/waldrestaurant-zaehringerburg.de\/fr\/wp-json\/wp\/v2\/pages\/7288\/revisions\/7289"}],"wp:attachment":[{"href":"https:\/\/waldrestaurant-zaehringerburg.de\/fr\/wp-json\/wp\/v2\/media?parent=7288"}],"curies":[{"name":"wp","href":"https:\/\/api.w.org\/{rel}","templated":true}]}}