{"id":7290,"date":"2025-03-19T22:23:50","date_gmt":"2025-03-19T21:23:50","guid":{"rendered":"https:\/\/waldrestaurant-zaehringerburg.de\/la-storia-della-zaehringerburg\/"},"modified":"2025-03-24T22:03:31","modified_gmt":"2025-03-24T21:03:31","slug":"la-storia-della-zaehringerburg","status":"publish","type":"page","link":"https:\/\/waldrestaurant-zaehringerburg.de\/it\/la-storia-della-zaehringerburg\/","title":{"rendered":"La storia della Z\u00e4hringerburg"},"content":{"rendered":"<div class=\"fusion-fullwidth fullwidth-box fusion-builder-row-1 fusion-flex-container has-pattern-background has-mask-background hundred-percent-fullwidth non-hundred-percent-height-scrolling\" style=\"--awb-border-radius-top-left:0px;--awb-border-radius-top-right:0px;--awb-border-radius-bottom-right:0px;--awb-border-radius-bottom-left:0px;--awb-padding-top:1%;--awb-padding-right:0px;--awb-padding-bottom:0px;--awb-padding-left:0px;--awb-margin-top:0px;--awb-background-color:var(--awb-color1);--awb-flex-wrap:wrap;\" ><div class=\"fusion-builder-row fusion-row fusion-flex-align-items-stretch fusion-flex-content-wrap\" style=\"width:calc( 100% + 0px ) !important;max-width:calc( 100% + 0px ) !important;margin-left: calc(-0px \/ 2 );margin-right: calc(-0px \/ 2 );\"><div class=\"fusion-layout-column fusion_builder_column fusion-builder-column-0 fusion_builder_column_1_1 1_1 fusion-flex-column fusion-animated\" style=\"--awb-padding-top:0px;--awb-padding-right:2%;--awb-padding-bottom:2%;--awb-padding-left:2%;--awb-bg-color:rgba(251,254,225,0);--awb-bg-color-hover:rgba(251,254,225,0);--awb-bg-size:cover;--awb-width-large:100%;--awb-margin-top-large:0px;--awb-spacing-right-large:calc( 0 * calc( 100% - 0px ) );--awb-margin-bottom-large:0px;--awb-spacing-left-large:0px;--awb-width-medium:100%;--awb-order-medium:0;--awb-spacing-right-medium:0px;--awb-spacing-left-medium:0px;--awb-width-small:100%;--awb-order-small:0;--awb-spacing-right-small:0px;--awb-spacing-left-small:0px;\" data-animationType=\"fadeInRight\" data-animationDuration=\"1.0\" data-animationOffset=\"top-into-view\" data-scroll-devices=\"small-visibility,medium-visibility,large-visibility\"><div class=\"fusion-column-wrapper fusion-column-has-shadow fusion-flex-justify-content-flex-start fusion-content-layout-column\"><div class=\"fusion-title title fusion-title-1 fusion-sep-none fusion-title-center fusion-title-text fusion-title-size-three\"><h3 class=\"fusion-title-heading title-heading-center fusion-responsive-typography-calculated\" style=\"margin:0;--fontSize:30;line-height:var(--awb-typography1-line-height);\"><h3>La storia della Z\u00e4hringerburg<\/h3><\/h3><\/div><div class=\"fusion-text fusion-text-1\" style=\"--awb-content-alignment:center;\"><p>La chiave per la torre del castello, che dista circa 5 minuti a piedi, \u00e8 disponibile da noi.<\/p>\n<\/div><div class=\"fusion-video fusion-selfhosted-video\" style=\"align-self:center;max-width:60%;\"><div class=\"video-wrapper\"><video playsinline=\"true\" width=\"100%\" style=\"object-fit: cover;\" muted=\"true\" preload=\"auto\" controls=\"1\"><source src=\"https:\/\/www.waldrestaurant-zaehringerburg.de\/wp-content\/uploads\/2024\/09\/Die-Burg-Final.mp4\" type=\"video\/mp4\">Sorry, your browser doesn&#039;t support embedded videos.<\/video><\/div><\/div><div class=\"fusion-text fusion-text-2 fusion-text-no-margin\" style=\"--awb-margin-top:20px;--awb-margin-right:20px;--awb-margin-bottom:20px;--awb-margin-left:20px;--awb-text-font-family:-apple-system, BlinkMacSystemFont, &#039;Segoe UI&#039;, Roboto, Oxygen-Sans, Ubuntu, Cantarell, &#039;Helvetica Neue&#039; ,sans-serif;--awb-text-font-style:normal;--awb-text-font-weight:400;\"><p style=\"text-align: center;\">Il castello di Z\u00e4hringen fu costruito nel 1078 da Bertold II, \u201cDuca di Z\u00e4hringen\u201c. Prima di allora, la collina del castello era gi\u00e0 stata spianata dai duchi alemanni come \u201cHochburg\u201c e dal 270 fu ampliata come fortezza. I duchi di Z\u00e4hringen fondarono monasteri, citt\u00e0 (Friburgo, Offenburg, Rottweil, Berna\u2026) &amp; castelli e aprirono il paese con strade &amp; sentieri. Durante la guerra dei contadini (1525) tutte le parti dell&#8217;edificio furono bruciate e la distruzione totale avvenne durante la \u201cGuerra dei Trent&#8217;anni\u201c (1618-1648). Fino ad oggi, il castello di Z\u00e4hringen \u00e8 rimasto il fantastico punto panoramico che gi\u00e0 oltre 2000 anni fa attirava le persone. Il ristorante nel bosco Z\u00e4hringer Burg fu costruito nel 1655, sul terreno dell&#8217;ex \u201cfucina di armi\u201c dei duchi di Z\u00e4hringen. Le prime generazioni di questa casa vivevano di agricoltura &amp; allevamento. Alla fine del XVIII secolo fu allestita una sala da pranzo per i viandanti. Nel 1934 fu aggiunta un&#8217;ala, molti tavoli &amp; sedie sono ancora di quel tempo.<\/p>\n<\/div><\/div><\/div><\/div><\/div>\n","protected":false},"excerpt":{"rendered":"","protected":false},"author":1,"featured_media":0,"parent":0,"menu_order":14,"comment_status":"closed","ping_status":"closed","template":"100-width.php","meta":{"_acf_changed":false,"footnotes":""},"class_list":["post-7290","page","type-page","status-publish","hentry"],"acf":[],"_links":{"self":[{"href":"https:\/\/waldrestaurant-zaehringerburg.de\/it\/wp-json\/wp\/v2\/pages\/7290","targetHints":{"allow":["GET"]}}],"collection":[{"href":"https:\/\/waldrestaurant-zaehringerburg.de\/it\/wp-json\/wp\/v2\/pages"}],"about":[{"href":"https:\/\/waldrestaurant-zaehringerburg.de\/it\/wp-json\/wp\/v2\/types\/page"}],"author":[{"embeddable":true,"href":"https:\/\/waldrestaurant-zaehringerburg.de\/it\/wp-json\/wp\/v2\/users\/1"}],"replies":[{"embeddable":true,"href":"https:\/\/waldrestaurant-zaehringerburg.de\/it\/wp-json\/wp\/v2\/comments?post=7290"}],"version-history":[{"count":1,"href":"https:\/\/waldrestaurant-zaehringerburg.de\/it\/wp-json\/wp\/v2\/pages\/7290\/revisions"}],"predecessor-version":[{"id":7291,"href":"https:\/\/waldrestaurant-zaehringerburg.de\/it\/wp-json\/wp\/v2\/pages\/7290\/revisions\/7291"}],"wp:attachment":[{"href":"https:\/\/waldrestaurant-zaehringerburg.de\/it\/wp-json\/wp\/v2\/media?parent=7290"}],"curies":[{"name":"wp","href":"https:\/\/api.w.org\/{rel}","templated":true}]}}